{"id":341,"date":"2024-10-03T10:58:34","date_gmt":"2024-10-03T10:58:34","guid":{"rendered":"https:\/\/geris.pt\/?page_id=341"},"modified":"2025-06-20T11:40:19","modified_gmt":"2025-06-20T11:40:19","slug":"home","status":"publish","type":"page","link":"https:\/\/geris.pt\/","title":{"rendered":"Geris"},"content":{"rendered":"\n<div class=\"wp-block-group alignfull has-base-background-color has-background has-global-padding is-layout-constrained wp-container-core-group-is-layout-3f9fdb6c wp-block-group-is-layout-constrained\" style=\"border-radius:0px;padding-top:4em;padding-right:1.2em;padding-bottom:4em;padding-left:1.2em\">\n<div class=\"wp-block-group alignfull has-global-padding is-layout-constrained wp-container-core-group-is-layout-cbe295b8 wp-block-group-is-layout-constrained\" style=\"padding-right:1.2em;padding-left:1.2em\">\n<div style=\"height:2rem\" aria-hidden=\"true\" class=\"wp-block-spacer\"><\/div>\n\n\n\n<p class=\"has-text-align-center\">Desde melhorar os momentos de descanso, higiene ou mobilidade, para preven\u00e7\u00e3o ou reabilita\u00e7\u00e3o. Os nossos produtos facilitam cada momento de cuidado, aumentam a seguran\u00e7a e o conforto que precisa ao longo da vida.<\/p>\n\n\n\n<div style=\"height:3rem\" aria-hidden=\"true\" class=\"wp-block-spacer\"><\/div>\n\n\n\n<div class=\"wp-block-buttons is-vertical is-content-justification-center is-layout-flex wp-container-core-buttons-is-layout-47909919 wp-block-buttons-is-layout-flex\">\n<div class=\"wp-block-button\"><a class=\"wp-block-button__link wp-element-button\" href=\"#map\">Onde estamos<\/a><\/div>\n<\/div>\n<\/div>\n<\/div>\n\n\n\n<div class=\"wp-block-group alignfull has-global-padding is-layout-constrained wp-container-core-group-is-layout-6fcce3f0 wp-block-group-is-layout-constrained\" style=\"margin-top:0;margin-bottom:0;padding-top:0em;padding-right:var(--wp--preset--spacing--50);padding-bottom:0em;padding-left:var(--wp--preset--spacing--50)\">\n<div class=\"wp-block-group alignwide has-base-2-background-color has-background has-global-padding is-layout-constrained wp-container-core-group-is-layout-45385018 wp-block-group-is-layout-constrained\" style=\"border-radius:50px;padding-top:2.4em;padding-right:var(--wp--preset--spacing--40);padding-bottom:2.4em;padding-left:var(--wp--preset--spacing--40)\">\n<div class=\"wp-block-columns alignwide is-layout-flex wp-container-core-columns-is-layout-d0bbbce0 wp-block-columns-is-layout-flex\">\n<div class=\"wp-block-column is-layout-flow wp-container-core-column-is-layout-e3d1c41b wp-block-column-is-layout-flow\">\n<div class=\"wp-block-columns is-layout-flex wp-container-core-columns-is-layout-28f84493 wp-block-columns-is-layout-flex\">\n<div class=\"wp-block-column is-layout-flow wp-block-column-is-layout-flow\">\n<h3 class=\"wp-block-heading has-text-align-left is-style-default has-body-font-family has-large-font-size\" style=\"font-style:normal;font-weight:600\">Descanso<\/h3>\n\n\n\n<h3 class=\"wp-block-heading has-text-align-left is-style-default has-body-font-family has-large-font-size\" style=\"font-style:normal;font-weight:600\">Higiene<\/h3>\n<\/div>\n\n\n\n<div class=\"wp-block-column is-layout-flow wp-block-column-is-layout-flow\">\n<h3 class=\"wp-block-heading has-text-align-left is-style-default has-body-font-family has-large-font-size\" style=\"font-style:normal;font-weight:600\">Preven\u00e7\u00e3o<\/h3>\n\n\n\n<h3 class=\"wp-block-heading has-text-align-left is-style-default has-body-font-family has-large-font-size\" style=\"font-style:normal;font-weight:600\">Incontin\u00eancia<\/h3>\n<\/div>\n<\/div>\n<\/div>\n\n\n\n<div class=\"wp-block-column is-layout-flow wp-container-core-column-is-layout-e3d1c41b wp-block-column-is-layout-flow\">\n<div class=\"wp-block-columns is-layout-flex wp-container-core-columns-is-layout-28f84493 wp-block-columns-is-layout-flex\">\n<div class=\"wp-block-column is-layout-flow wp-block-column-is-layout-flow\">\n<h3 class=\"wp-block-heading has-text-align-left is-style-default has-body-font-family has-large-font-size\" style=\"font-style:normal;font-weight:600\">Reabilita\u00e7\u00e3o<\/h3>\n\n\n\n<h3 class=\"wp-block-heading has-text-align-left is-style-default has-body-font-family has-large-font-size\" style=\"font-style:normal;font-weight:600\">Ajudas Di\u00e1rias<\/h3>\n<\/div>\n\n\n\n<div class=\"wp-block-column is-layout-flow wp-block-column-is-layout-flow\">\n<h3 class=\"wp-block-heading has-text-align-left is-style-default has-body-font-family has-large-font-size\" style=\"font-style:normal;font-weight:600\">Mobilidade<\/h3>\n\n\n\n<h3 class=\"wp-block-heading has-text-align-left is-style-default has-body-font-family has-large-font-size\" style=\"font-style:normal;font-weight:600\">Diagn\u00f3stico<\/h3>\n<\/div>\n<\/div>\n<\/div>\n<\/div>\n<\/div>\n<\/div>\n\n\n\n<div class=\"wp-block-group has-global-padding is-layout-constrained wp-container-core-group-is-layout-23db2b9a wp-block-group-is-layout-constrained\" style=\"padding-right:1.2rem;padding-left:1.2rem\">\n<div class=\"wp-block-group has-base-background-color has-background has-global-padding is-layout-constrained wp-container-core-group-is-layout-eb647e26 wp-block-group-is-layout-constrained\" style=\"border-radius:65px;margin-top:0;margin-bottom:0;padding-top:5em;padding-right:0;padding-bottom:5em;padding-left:0\">\n<h2 class=\"wp-block-heading has-text-align-left is-style-default\">Porqu\u00ea escolher a Geris?<\/h2>\n\n\n\n<div style=\"height:var(--wp--preset--spacing--40)\" aria-hidden=\"true\" class=\"wp-block-spacer\"><\/div>\n\n\n\n<div class=\"wp-block-group has-global-padding is-layout-constrained wp-container-core-group-is-layout-19e250f3 wp-block-group-is-layout-constrained\">\n<div class=\"wp-block-columns is-layout-flex wp-container-core-columns-is-layout-28f84493 wp-block-columns-is-layout-flex\">\n<div class=\"wp-block-column is-layout-flow wp-block-column-is-layout-flow\" style=\"flex-basis:20%\">\n<figure class=\"wp-block-image aligncenter size-full is-resized\"><img loading=\"lazy\" decoding=\"async\" width=\"301\" height=\"277\" src=\"https:\/\/geris.pt\/wp-content\/uploads\/2024\/09\/Asset-4@8x.png\" alt=\"\" class=\"wp-image-143\" style=\"width:75px\"\/><\/figure>\n<\/div>\n\n\n\n<div class=\"wp-block-column is-vertically-aligned-center is-layout-flow wp-block-column-is-layout-flow\" style=\"flex-basis:100%\">\n<p class=\"has-text-align-left\">Com a nossa ajuda e aconselhamento especializado, queremos que se sinta \u00e0 vontade para conhecer os nossos produtos e encontrar o que realmente precisa.<\/p>\n<\/div>\n<\/div>\n<\/div>\n\n\n\n<div style=\"height:1.2em\" aria-hidden=\"true\" class=\"wp-block-spacer\"><\/div>\n\n\n\n<div class=\"wp-block-group has-global-padding is-layout-constrained wp-container-core-group-is-layout-19e250f3 wp-block-group-is-layout-constrained\">\n<div class=\"wp-block-columns is-layout-flex wp-container-core-columns-is-layout-28f84493 wp-block-columns-is-layout-flex\">\n<div class=\"wp-block-column is-layout-flow wp-block-column-is-layout-flow\" style=\"flex-basis:20%\">\n<figure class=\"wp-block-image aligncenter size-full is-resized\"><img loading=\"lazy\" decoding=\"async\" width=\"285\" height=\"285\" src=\"https:\/\/geris.pt\/wp-content\/uploads\/2024\/09\/Asset-5@8x.png\" alt=\"\" class=\"wp-image-145\" style=\"width:75px\" srcset=\"https:\/\/geris.pt\/wp-content\/uploads\/2024\/09\/Asset-5@8x.png 285w, https:\/\/geris.pt\/wp-content\/uploads\/2024\/09\/Asset-5@8x-150x150.png 150w\" sizes=\"auto, (max-width: 285px) 100vw, 285px\" \/><\/figure>\n<\/div>\n\n\n\n<div class=\"wp-block-column is-vertically-aligned-center is-layout-flow wp-block-column-is-layout-flow\" style=\"flex-basis:100%\">\n<p class=\"has-text-align-left\">Poder\u00e1 experimentar na loja os nossos produtos dispon\u00edveis para demonstra\u00e7\u00e3o. Se preferir, tamb\u00e9m fazemos entrega e instala\u00e7\u00e3o em sua casa.<\/p>\n<\/div>\n<\/div>\n<\/div>\n<\/div>\n\n\n\n<div style=\"height:1em;width:0px\" aria-hidden=\"true\" class=\"wp-block-spacer\"><\/div>\n<\/div>\n\n\n\n<div class=\"wp-block-group alignfull has-contrast-background-color has-background has-global-padding is-layout-constrained wp-container-core-group-is-layout-23db2b9a wp-block-group-is-layout-constrained\" style=\"padding-right:1.2rem;padding-left:1.2rem\">\n<div class=\"wp-block-group alignwide has-contrast-background-color has-background has-global-padding is-layout-constrained wp-block-group-is-layout-constrained\" id=\"map\" style=\"padding-top:3em;padding-bottom:3em\">\n<h2 class=\"wp-block-heading has-text-align-center has-base-color has-text-color has-link-color wp-elements-af2042588c2c0e4f173030792aa45693\">A nossa loja<\/h2>\n\n\n\n<p class=\"has-text-align-center has-base-color has-text-color has-link-color has-medium-font-size wp-elements-0c28544987f130dc55a278b885feed9f\">Avenida Jos\u00e9 Estev\u00e3o, n\u00ba 401, <strong>Gafanha da Nazar\u00e9<\/strong>. <\/p>\n\n\n\n<p class=\"has-text-align-center has-base-color has-text-color has-link-color has-medium-font-size wp-elements-a47fd993e665338c2867a5f228c4e13b\">Esperamos por si.<\/p>\n\n\n\n<div class=\"wp-block-buttons is-content-justification-center is-layout-flex wp-container-core-buttons-is-layout-a89b3969 wp-block-buttons-is-layout-flex\">\n<div class=\"wp-block-button\"><a class=\"wp-block-button__link has-contrast-color has-base-background-color has-text-color has-background has-link-color wp-element-button\" href=\"https:\/\/www.google.com\/maps\/dir\/\/Av.+Jos%C3%A9+Estev%C3%A3o+401+3830-556+Gafanha+da+Nazar%C3%A9\/@40.6369064,-8.7091732,16z\/data=!4m8!4m7!1m0!1m5!1m1!1s0xd23962c3a0606ad:0x1f3b05ee38957225!2m2!1d-8.7091732!2d40.6369064?entry=ttu&amp;g_ep=EgoyMDI0MDkyOS4wIKXMDSoASAFQAw%3D%3D\">Dire\u00e7\u00f5es<\/a><\/div>\n<\/div>\n\n\n\n<div style=\"height:1em\" aria-hidden=\"true\" class=\"wp-block-spacer\"><\/div>\n\n\n\t\t<div id=\"wpmapblock_3d7103d2\" data-settings='{&quot;map_marker&quot;:[{&quot;id&quot;:&quot;0&quot;,&quot;lat&quot;:&quot;40.637102949333&quot;,&quot;lng&quot;:&quot;-8.7090790271759&quot;,&quot;title&quot;:&quot;Loja Geris&quot;,&quot;content&quot;:&quot;&quot;,&quot;iconType&quot;:&quot;custom&quot;,&quot;customIconUrl&quot;:&quot;https:\\\/\\\/geris.pt\\\/wp-content\\\/uploads\\\/2024\\\/10\\\/Asset-6@8x.png&quot;,&quot;customIconWidth&quot;:&quot;49&quot;,&quot;customIconHeight&quot;:&quot;60&quot;}],&quot;map_zoom&quot;:&quot;13&quot;,&quot;scroll_wheel_zoom&quot;:false,&quot;map_type&quot;:&quot;GM&quot;,&quot;center_index&quot;:0}' class=\"wpmapblockrender\" style=\"\n\t\t\twidth: 100%;\n\t\t\theight: 400px;\n\t\t\"><\/div>\n        \n\n\n<div class=\"wp-block-group has-contrast-color has-base-2-background-color has-text-color has-background has-link-color wp-elements-0947b4c3470f6b9c94aee249d6112360 has-global-padding is-content-justification-center is-layout-constrained wp-container-core-group-is-layout-e4a45b70 wp-block-group-is-layout-constrained\" style=\"border-radius:40px;margin-top:var(--wp--preset--spacing--10);margin-bottom:var(--wp--preset--spacing--10);padding-top:1.2em;padding-right:25px;padding-bottom:1.2em;padding-left:25px\">\n<div class=\"wp-block-columns alignwide is-layout-flex wp-container-core-columns-is-layout-7f3773af wp-block-columns-is-layout-flex\">\n<div class=\"wp-block-column is-vertically-aligned-center is-layout-flow wp-block-column-is-layout-flow\" style=\"flex-basis:10%\">\n<figure class=\"wp-block-image aligncenter size-full is-resized wp-duotone-ffffff-ffffff-1\"><img loading=\"lazy\" decoding=\"async\" width=\"257\" height=\"256\" src=\"https:\/\/geris.pt\/wp-content\/uploads\/2024\/09\/Asset-8@8x.png\" alt=\"\" class=\"wp-image-220\" style=\"object-fit:cover;width:50px;height:50px\" srcset=\"https:\/\/geris.pt\/wp-content\/uploads\/2024\/09\/Asset-8@8x.png 257w, https:\/\/geris.pt\/wp-content\/uploads\/2024\/09\/Asset-8@8x-150x150.png 150w\" sizes=\"auto, (max-width: 257px) 100vw, 257px\" \/><\/figure>\n<\/div>\n\n\n\n<div class=\"wp-block-column is-vertically-aligned-top is-layout-flow wp-block-column-is-layout-flow\" style=\"padding-right:var(--wp--preset--spacing--20);padding-left:var(--wp--preset--spacing--20)\">\n<div class=\"wp-block-group has-global-padding is-layout-constrained wp-container-core-group-is-layout-7db9d80f wp-block-group-is-layout-constrained\" style=\"padding-right:0;padding-left:0\">\n<h2 class=\"wp-block-heading has-contrast-color has-text-color has-link-color has-medium-font-size wp-elements-68fbc5cb315e545420426700d756c276\">Segunda a Sexta<\/h2>\n\n\n\n<p class=\"has-small-font-size\">Manh\u00e3: 9h30 \u00e0s 12h30<\/p>\n\n\n\n<p class=\"has-small-font-size\">Tarde 14h \u00e0s 19h<\/p>\n<\/div>\n<\/div>\n\n\n\n<div class=\"wp-block-column is-vertically-aligned-top is-layout-flow wp-block-column-is-layout-flow\" style=\"padding-right:var(--wp--preset--spacing--20);padding-left:var(--wp--preset--spacing--20)\">\n<h2 class=\"wp-block-heading has-contrast-color has-text-color has-link-color has-medium-font-size wp-elements-c31e6edc7e14c656ffdcd2e766bee749\">S\u00e1bado<\/h2>\n\n\n\n<p class=\"has-small-font-size\">Manh\u00e3: 9h \u00e0s 13h<\/p>\n<\/div>\n<\/div>\n<\/div>\n<\/div>\n<\/div>\n","protected":false},"excerpt":{"rendered":"<p>Desde melhorar os momentos de descanso, higiene ou mobilidade, para preven\u00e7\u00e3o ou reabilita\u00e7\u00e3o. Os nossos produtos facilitam cada momento de cuidado, aumentam a seguran\u00e7a e o conforto que precisa ao longo da vida. Descanso Higiene Preven\u00e7\u00e3o Incontin\u00eancia Reabilita\u00e7\u00e3o Ajudas Di\u00e1rias Mobilidade Diagn\u00f3stico Porqu\u00ea escolher a Geris? Com a nossa ajuda e aconselhamento especializado, queremos que [&hellip;]<\/p>\n","protected":false},"author":1,"featured_media":0,"parent":0,"menu_order":0,"comment_status":"closed","ping_status":"closed","template":"","meta":{"_seopress_robots_primary_cat":"","_seopress_titles_title":"Geris | Produtos de Apoio, Ortopedia e Geriatria","_seopress_titles_desc":"Apoio ao Cuidado e Sa\u00fade. Produtos para Descanso, Reabilita\u00e7\u00e3o, Preven\u00e7\u00e3o, Mobilidade, Higiene, Incontin\u00eancia, Ajudas Di\u00e1rias, Diagn\u00f3stico.","_seopress_robots_index":"","footnotes":""},"class_list":["post-341","page","type-page","status-publish","hentry"],"_links":{"self":[{"href":"https:\/\/geris.pt\/index.php?rest_route=\/wp\/v2\/pages\/341","targetHints":{"allow":["GET"]}}],"collection":[{"href":"https:\/\/geris.pt\/index.php?rest_route=\/wp\/v2\/pages"}],"about":[{"href":"https:\/\/geris.pt\/index.php?rest_route=\/wp\/v2\/types\/page"}],"author":[{"embeddable":true,"href":"https:\/\/geris.pt\/index.php?rest_route=\/wp\/v2\/users\/1"}],"replies":[{"embeddable":true,"href":"https:\/\/geris.pt\/index.php?rest_route=%2Fwp%2Fv2%2Fcomments&post=341"}],"version-history":[{"count":9,"href":"https:\/\/geris.pt\/index.php?rest_route=\/wp\/v2\/pages\/341\/revisions"}],"predecessor-version":[{"id":387,"href":"https:\/\/geris.pt\/index.php?rest_route=\/wp\/v2\/pages\/341\/revisions\/387"}],"wp:attachment":[{"href":"https:\/\/geris.pt\/index.php?rest_route=%2Fwp%2Fv2%2Fmedia&parent=341"}],"curies":[{"name":"wp","href":"https:\/\/api.w.org\/{rel}","templated":true}]}}